{"id":152,"date":"2021-05-18T01:54:43","date_gmt":"2021-05-17T23:54:43","guid":{"rendered":"https:\/\/creativiaextraescolares.com\/index.php\/about\/"},"modified":"2025-05-10T12:58:24","modified_gmt":"2025-05-10T10:58:24","slug":"sobre-nosotros","status":"publish","type":"page","link":"https:\/\/creativiaextraescolares.com\/","title":{"rendered":"Sobre Nosotros"},"content":{"rendered":"\t\t<div data-elementor-type=\"wp-page\" data-elementor-id=\"152\" class=\"elementor elementor-152\">\n\t\t\t\t\t\t<section class=\"elementor-section elementor-top-section elementor-element elementor-element-34a55b3 elementor-section-boxed elementor-section-height-default elementor-section-height-default\" data-id=\"34a55b3\" data-element_type=\"section\" data-settings=\"{&quot;background_background&quot;:&quot;gradient&quot;}\">\n\t\t\t\t\t\t\t<div class=\"elementor-background-overlay\"><\/div>\n\t\t\t\t\t\t\t<div class=\"elementor-container elementor-column-gap-no\">\n\t\t\t\t\t<div class=\"elementor-column elementor-col-50 elementor-top-column elementor-element elementor-element-6b51a29\" data-id=\"6b51a29\" data-element_type=\"column\">\n\t\t\t<div class=\"elementor-widget-wrap elementor-element-populated\">\n\t\t\t\t\t\t<div class=\"elementor-element elementor-element-0bd975f elementor-invisible elementor-widget elementor-widget-image\" data-id=\"0bd975f\" data-element_type=\"widget\" data-settings=\"{&quot;_animation&quot;:&quot;rollIn&quot;}\" data-widget_type=\"image.default\">\n\t\t\t\t<div class=\"elementor-widget-container\">\n\t\t\t\t\t\t\t\t\t\t\t\t\t\t\t<img fetchpriority=\"high\" decoding=\"async\" width=\"1024\" height=\"447\" src=\"https:\/\/creativiaextraescolares.com\/wp-content\/uploads\/2021\/06\/cropped-Letras-1024x447.png\" class=\"attachment-large size-large wp-image-683\" alt=\"\" srcset=\"https:\/\/creativiaextraescolares.com\/wp-content\/uploads\/2021\/06\/cropped-Letras-1024x447.png 1024w, https:\/\/creativiaextraescolares.com\/wp-content\/uploads\/2021\/06\/cropped-Letras-300x131.png 300w, https:\/\/creativiaextraescolares.com\/wp-content\/uploads\/2021\/06\/cropped-Letras-768x335.png 768w, https:\/\/creativiaextraescolares.com\/wp-content\/uploads\/2021\/06\/cropped-Letras-200x87.png 200w, https:\/\/creativiaextraescolares.com\/wp-content\/uploads\/2021\/06\/cropped-Letras.png 1231w\" sizes=\"(max-width: 1024px) 100vw, 1024px\" \/>\t\t\t\t\t\t\t\t\t\t\t\t\t\t\t<\/div>\n\t\t\t\t<\/div>\n\t\t\t\t<div class=\"elementor-element elementor-element-007526f elementor-widget-mobile__width-inherit elementor-widget-divider--view-line elementor-widget elementor-widget-divider\" data-id=\"007526f\" data-element_type=\"widget\" data-widget_type=\"divider.default\">\n\t\t\t\t<div class=\"elementor-widget-container\">\n\t\t\t\t\t\t\t<div class=\"elementor-divider\">\n\t\t\t<span class=\"elementor-divider-separator\">\n\t\t\t\t\t\t<\/span>\n\t\t<\/div>\n\t\t\t\t\t\t<\/div>\n\t\t\t\t<\/div>\n\t\t\t\t\t<\/div>\n\t\t<\/div>\n\t\t\t\t<div class=\"elementor-column elementor-col-50 elementor-top-column elementor-element elementor-element-fe6bc00\" data-id=\"fe6bc00\" data-element_type=\"column\">\n\t\t\t<div class=\"elementor-widget-wrap elementor-element-populated\">\n\t\t\t\t\t\t<div class=\"elementor-element elementor-element-6cc629f elementor-invisible elementor-widget elementor-widget-text-editor\" data-id=\"6cc629f\" data-element_type=\"widget\" data-settings=\"{&quot;_animation&quot;:&quot;fadeInDown&quot;}\" data-widget_type=\"text-editor.default\">\n\t\t\t\t<div class=\"elementor-widget-container\">\n\t\t\t\t\t\t\t\t\t<p>Creativia est\u00e1 formada por un amplio equipo de profesionales especializados en diferentes \u00e1mbitos que cuentan con m\u00e1s de 10 a\u00f1os de experiencia.<\/p><p>Nos encargamos del desarrollo, gesti\u00f3n y puesta en marcha de proyectos en el \u00e1mbito de la cultura, educaci\u00f3n, deportes, ocio e intervenci\u00f3n social.<\/p>\t\t\t\t\t\t\t\t<\/div>\n\t\t\t\t<\/div>\n\t\t\t\t\t<\/div>\n\t\t<\/div>\n\t\t\t\t\t<\/div>\n\t\t<\/section>\n\t\t\t\t<section class=\"elementor-section elementor-top-section elementor-element elementor-element-3f0ad93 elementor-section-boxed elementor-section-height-default elementor-section-height-default\" data-id=\"3f0ad93\" data-element_type=\"section\" data-settings=\"{&quot;background_background&quot;:&quot;gradient&quot;}\">\n\t\t\t\t\t\t<div class=\"elementor-container elementor-column-gap-default\">\n\t\t\t\t\t<div class=\"elementor-column elementor-col-25 elementor-top-column elementor-element elementor-element-4022606\" data-id=\"4022606\" data-element_type=\"column\">\n\t\t\t<div class=\"elementor-widget-wrap elementor-element-populated\">\n\t\t\t\t\t\t<div class=\"elementor-element elementor-element-baf5cdb elementor-invisible elementor-widget elementor-widget-image\" data-id=\"baf5cdb\" data-element_type=\"widget\" data-settings=\"{&quot;_animation&quot;:&quot;swing&quot;}\" data-widget_type=\"image.default\">\n\t\t\t\t<div class=\"elementor-widget-container\">\n\t\t\t\t\t\t\t\t\t\t\t\t\t\t\t<img decoding=\"async\" width=\"599\" height=\"552\" src=\"https:\/\/creativiaextraescolares.com\/wp-content\/uploads\/2021\/09\/pngwing.com2_-1.png\" class=\"attachment-large size-large wp-image-1116\" alt=\"\" srcset=\"https:\/\/creativiaextraescolares.com\/wp-content\/uploads\/2021\/09\/pngwing.com2_-1.png 599w, https:\/\/creativiaextraescolares.com\/wp-content\/uploads\/2021\/09\/pngwing.com2_-1-300x276.png 300w\" sizes=\"(max-width: 599px) 100vw, 599px\" \/>\t\t\t\t\t\t\t\t\t\t\t\t\t\t\t<\/div>\n\t\t\t\t<\/div>\n\t\t\t\t\t<\/div>\n\t\t<\/div>\n\t\t\t\t<div class=\"elementor-column elementor-col-50 elementor-top-column elementor-element elementor-element-e5ed4bc\" data-id=\"e5ed4bc\" data-element_type=\"column\">\n\t\t\t<div class=\"elementor-widget-wrap elementor-element-populated\">\n\t\t\t\t\t\t<div class=\"elementor-element elementor-element-b6bc0c7 elementor-invisible elementor-widget elementor-widget-text-editor\" data-id=\"b6bc0c7\" data-element_type=\"widget\" data-settings=\"{&quot;_animation&quot;:&quot;fadeInLeft&quot;}\" data-widget_type=\"text-editor.default\">\n\t\t\t\t<div class=\"elementor-widget-container\">\n\t\t\t\t\t\t\t\t\t<p>NUESTROS OBJETIVOS<\/p>\t\t\t\t\t\t\t\t<\/div>\n\t\t\t\t<\/div>\n\t\t\t\t\t<\/div>\n\t\t<\/div>\n\t\t\t\t<div class=\"elementor-column elementor-col-25 elementor-top-column elementor-element elementor-element-dbe48b7\" data-id=\"dbe48b7\" data-element_type=\"column\">\n\t\t\t<div class=\"elementor-widget-wrap elementor-element-populated\">\n\t\t\t\t\t\t<div class=\"elementor-element elementor-element-96786ac elementor-invisible elementor-widget elementor-widget-image\" data-id=\"96786ac\" data-element_type=\"widget\" data-settings=\"{&quot;_animation&quot;:&quot;swing&quot;}\" data-widget_type=\"image.default\">\n\t\t\t\t<div class=\"elementor-widget-container\">\n\t\t\t\t\t\t\t\t\t\t\t\t\t\t\t<img decoding=\"async\" width=\"599\" height=\"552\" src=\"https:\/\/creativiaextraescolares.com\/wp-content\/uploads\/2021\/09\/pngwing.com2_-1.png\" class=\"attachment-large size-large wp-image-1116\" alt=\"\" srcset=\"https:\/\/creativiaextraescolares.com\/wp-content\/uploads\/2021\/09\/pngwing.com2_-1.png 599w, https:\/\/creativiaextraescolares.com\/wp-content\/uploads\/2021\/09\/pngwing.com2_-1-300x276.png 300w\" sizes=\"(max-width: 599px) 100vw, 599px\" \/>\t\t\t\t\t\t\t\t\t\t\t\t\t\t\t<\/div>\n\t\t\t\t<\/div>\n\t\t\t\t\t<\/div>\n\t\t<\/div>\n\t\t\t\t\t<\/div>\n\t\t<\/section>\n\t\t\t\t<section class=\"elementor-section elementor-top-section elementor-element elementor-element-b774683 elementor-section-boxed elementor-section-height-default elementor-section-height-default\" data-id=\"b774683\" data-element_type=\"section\" data-settings=\"{&quot;background_background&quot;:&quot;classic&quot;}\">\n\t\t\t\t\t\t\t<div class=\"elementor-background-overlay\"><\/div>\n\t\t\t\t\t\t\t<div class=\"elementor-container elementor-column-gap-default\">\n\t\t\t\t\t<div class=\"elementor-column elementor-col-25 elementor-top-column elementor-element elementor-element-4d123e3\" data-id=\"4d123e3\" data-element_type=\"column\">\n\t\t\t<div class=\"elementor-widget-wrap elementor-element-populated\">\n\t\t\t\t\t\t<div class=\"elementor-element elementor-element-517134e elementor-position-top elementor-invisible elementor-widget elementor-widget-image-box\" data-id=\"517134e\" data-element_type=\"widget\" data-settings=\"{&quot;_animation&quot;:&quot;zoomIn&quot;}\" data-widget_type=\"image-box.default\">\n\t\t\t\t<div class=\"elementor-widget-container\">\n\t\t\t\t\t<div class=\"elementor-image-box-wrapper\"><figure class=\"elementor-image-box-img\"><img decoding=\"async\" width=\"577\" height=\"480\" src=\"https:\/\/creativiaextraescolares.com\/wp-content\/uploads\/2021\/09\/pngwing.com5_.png\" class=\"attachment-full size-full wp-image-1122\" alt=\"\" srcset=\"https:\/\/creativiaextraescolares.com\/wp-content\/uploads\/2021\/09\/pngwing.com5_.png 577w, https:\/\/creativiaextraescolares.com\/wp-content\/uploads\/2021\/09\/pngwing.com5_-300x250.png 300w\" sizes=\"(max-width: 577px) 100vw, 577px\" \/><\/figure><div class=\"elementor-image-box-content\"><p class=\"elementor-image-box-description\"><br>Colaborar en la conciliaci\u00f3n de la vida familiar y profesional de las familias.<\/p><\/div><\/div>\t\t\t\t<\/div>\n\t\t\t\t<\/div>\n\t\t\t\t\t<\/div>\n\t\t<\/div>\n\t\t\t\t<div class=\"elementor-column elementor-col-25 elementor-top-column elementor-element elementor-element-6fecc32\" data-id=\"6fecc32\" data-element_type=\"column\">\n\t\t\t<div class=\"elementor-widget-wrap elementor-element-populated\">\n\t\t\t\t\t\t<div class=\"elementor-element elementor-element-2acdada elementor-position-top elementor-invisible elementor-widget elementor-widget-image-box\" data-id=\"2acdada\" data-element_type=\"widget\" data-settings=\"{&quot;_animation&quot;:&quot;zoomIn&quot;}\" data-widget_type=\"image-box.default\">\n\t\t\t\t<div class=\"elementor-widget-container\">\n\t\t\t\t\t<div class=\"elementor-image-box-wrapper\"><figure class=\"elementor-image-box-img\"><img loading=\"lazy\" decoding=\"async\" width=\"640\" height=\"480\" src=\"https:\/\/creativiaextraescolares.com\/wp-content\/uploads\/2021\/09\/pngwing.com6_.png\" class=\"attachment-full size-full wp-image-1123\" alt=\"\" srcset=\"https:\/\/creativiaextraescolares.com\/wp-content\/uploads\/2021\/09\/pngwing.com6_.png 640w, https:\/\/creativiaextraescolares.com\/wp-content\/uploads\/2021\/09\/pngwing.com6_-300x225.png 300w\" sizes=\"(max-width: 640px) 100vw, 640px\" \/><\/figure><div class=\"elementor-image-box-content\"><p class=\"elementor-image-box-description\"><br>Contribuir al desarrollo personal de las alumnas y los alumnos, facilitando y promoviendo su socializaci\u00f3n en una marco de educaci\u00f3n en el respeto a la igualdad de oportunidades.<\/p><\/div><\/div>\t\t\t\t<\/div>\n\t\t\t\t<\/div>\n\t\t\t\t\t<\/div>\n\t\t<\/div>\n\t\t\t\t<div class=\"elementor-column elementor-col-25 elementor-top-column elementor-element elementor-element-460e172\" data-id=\"460e172\" data-element_type=\"column\">\n\t\t\t<div class=\"elementor-widget-wrap elementor-element-populated\">\n\t\t\t\t\t\t<div class=\"elementor-element elementor-element-2a5dd5a elementor-position-top elementor-invisible elementor-widget elementor-widget-image-box\" data-id=\"2a5dd5a\" data-element_type=\"widget\" data-settings=\"{&quot;_animation&quot;:&quot;zoomIn&quot;}\" data-widget_type=\"image-box.default\">\n\t\t\t\t<div class=\"elementor-widget-container\">\n\t\t\t\t\t<div class=\"elementor-image-box-wrapper\"><figure class=\"elementor-image-box-img\"><img loading=\"lazy\" decoding=\"async\" width=\"663\" height=\"740\" src=\"https:\/\/creativiaextraescolares.com\/wp-content\/uploads\/2021\/09\/pngwing.com3_.png\" class=\"attachment-full size-full wp-image-1124\" alt=\"\" srcset=\"https:\/\/creativiaextraescolares.com\/wp-content\/uploads\/2021\/09\/pngwing.com3_.png 663w, https:\/\/creativiaextraescolares.com\/wp-content\/uploads\/2021\/09\/pngwing.com3_-269x300.png 269w\" sizes=\"(max-width: 663px) 100vw, 663px\" \/><\/figure><div class=\"elementor-image-box-content\"><p class=\"elementor-image-box-description\">Potenciar el desarrollo de las habilidades sociales y modelos adecuados de convivencia.<\/p><\/div><\/div>\t\t\t\t<\/div>\n\t\t\t\t<\/div>\n\t\t\t\t\t<\/div>\n\t\t<\/div>\n\t\t\t\t<div class=\"elementor-column elementor-col-25 elementor-top-column elementor-element elementor-element-32f4dd1\" data-id=\"32f4dd1\" data-element_type=\"column\">\n\t\t\t<div class=\"elementor-widget-wrap elementor-element-populated\">\n\t\t\t\t\t\t<div class=\"elementor-element elementor-element-e242053 elementor-position-top elementor-invisible elementor-widget elementor-widget-image-box\" data-id=\"e242053\" data-element_type=\"widget\" data-settings=\"{&quot;_animation&quot;:&quot;zoomIn&quot;}\" data-widget_type=\"image-box.default\">\n\t\t\t\t<div class=\"elementor-widget-container\">\n\t\t\t\t\t<div class=\"elementor-image-box-wrapper\"><figure class=\"elementor-image-box-img\"><img loading=\"lazy\" decoding=\"async\" width=\"844\" height=\"723\" src=\"https:\/\/creativiaextraescolares.com\/wp-content\/uploads\/2021\/09\/pngegg1.png\" class=\"attachment-full size-full wp-image-1126\" alt=\"\" srcset=\"https:\/\/creativiaextraescolares.com\/wp-content\/uploads\/2021\/09\/pngegg1.png 844w, https:\/\/creativiaextraescolares.com\/wp-content\/uploads\/2021\/09\/pngegg1-300x257.png 300w, https:\/\/creativiaextraescolares.com\/wp-content\/uploads\/2021\/09\/pngegg1-768x658.png 768w\" sizes=\"(max-width: 844px) 100vw, 844px\" \/><\/figure><div class=\"elementor-image-box-content\"><p class=\"elementor-image-box-description\"><br>Ofrecer diferentes formas saludables de vivir el ocio y tiempo libre de forma creativa y participativa, promoviendo el juego como un elemento fundamental para el desarrollo y autonom\u00eda del ni\u00f1o\/a.<\/p><\/div><\/div>\t\t\t\t<\/div>\n\t\t\t\t<\/div>\n\t\t\t\t\t<\/div>\n\t\t<\/div>\n\t\t\t\t\t<\/div>\n\t\t<\/section>\n\t\t\t\t<section class=\"elementor-section elementor-top-section elementor-element elementor-element-e38d0a8 elementor-section-boxed elementor-section-height-default elementor-section-height-default\" data-id=\"e38d0a8\" data-element_type=\"section\">\n\t\t\t\t\t\t<div class=\"elementor-container elementor-column-gap-default\">\n\t\t\t\t\t<div class=\"elementor-column elementor-col-100 elementor-top-column elementor-element elementor-element-ae6b435\" data-id=\"ae6b435\" data-element_type=\"column\">\n\t\t\t<div class=\"elementor-widget-wrap elementor-element-populated\">\n\t\t\t\t\t\t<section class=\"elementor-section elementor-inner-section elementor-element elementor-element-1021c99 elementor-section-boxed elementor-section-height-default elementor-section-height-default\" data-id=\"1021c99\" data-element_type=\"section\">\n\t\t\t\t\t\t<div class=\"elementor-container elementor-column-gap-default\">\n\t\t\t\t\t<div class=\"elementor-column elementor-col-50 elementor-inner-column elementor-element elementor-element-2b2c203\" data-id=\"2b2c203\" data-element_type=\"column\">\n\t\t\t<div class=\"elementor-widget-wrap\">\n\t\t\t\t\t\t\t<\/div>\n\t\t<\/div>\n\t\t\t\t<div class=\"elementor-column elementor-col-50 elementor-inner-column elementor-element elementor-element-83ceaa8\" data-id=\"83ceaa8\" data-element_type=\"column\">\n\t\t\t<div class=\"elementor-widget-wrap\">\n\t\t\t\t\t\t\t<\/div>\n\t\t<\/div>\n\t\t\t\t\t<\/div>\n\t\t<\/section>\n\t\t\t\t\t<\/div>\n\t\t<\/div>\n\t\t\t\t\t<\/div>\n\t\t<\/section>\n\t\t\t\t<section class=\"elementor-section elementor-top-section elementor-element elementor-element-50ef989 elementor-section-boxed elementor-section-height-default elementor-section-height-default\" data-id=\"50ef989\" data-element_type=\"section\">\n\t\t\t\t\t\t<div class=\"elementor-container elementor-column-gap-default\">\n\t\t\t\t\t<div class=\"elementor-column elementor-col-100 elementor-top-column elementor-element elementor-element-de8cbbd\" data-id=\"de8cbbd\" data-element_type=\"column\">\n\t\t\t<div class=\"elementor-widget-wrap elementor-element-populated\">\n\t\t\t\t\t\t<section class=\"elementor-section elementor-inner-section elementor-element elementor-element-f18c4b1 elementor-section-boxed elementor-section-height-default elementor-section-height-default\" data-id=\"f18c4b1\" data-element_type=\"section\">\n\t\t\t\t\t\t<div class=\"elementor-container elementor-column-gap-default\">\n\t\t\t\t\t<div class=\"elementor-column elementor-col-50 elementor-inner-column elementor-element elementor-element-88c1128\" data-id=\"88c1128\" data-element_type=\"column\">\n\t\t\t<div class=\"elementor-widget-wrap\">\n\t\t\t\t\t\t\t<\/div>\n\t\t<\/div>\n\t\t\t\t<div class=\"elementor-column elementor-col-50 elementor-inner-column elementor-element elementor-element-a546e90\" data-id=\"a546e90\" data-element_type=\"column\">\n\t\t\t<div class=\"elementor-widget-wrap\">\n\t\t\t\t\t\t\t<\/div>\n\t\t<\/div>\n\t\t\t\t\t<\/div>\n\t\t<\/section>\n\t\t\t\t\t<\/div>\n\t\t<\/div>\n\t\t\t\t\t<\/div>\n\t\t<\/section>\n\t\t\t\t<\/div>\n\t\t","protected":false},"excerpt":{"rendered":"<p>Creativia est\u00e1 formada por un amplio equipo de profesionales especializados en diferentes \u00e1mbitos que cuentan con m\u00e1s de 10 a\u00f1os de experiencia. Nos encargamos del desarrollo, gesti\u00f3n y puesta en marcha de proyectos en el \u00e1mbito de la cultura, educaci\u00f3n, deportes, ocio e intervenci\u00f3n social. NUESTROS OBJETIVOS Colaborar en la conciliaci\u00f3n de la vida familiar [&hellip;]<\/p>\n","protected":false},"author":1,"featured_media":0,"parent":0,"menu_order":0,"comment_status":"closed","ping_status":"closed","template":"","meta":{"_monsterinsights_skip_tracking":false,"_monsterinsights_sitenote_active":false,"_monsterinsights_sitenote_note":"","_monsterinsights_sitenote_category":0,"site-sidebar-layout":"no-sidebar","site-content-layout":"page-builder","ast-site-content-layout":"","site-content-style":"default","site-sidebar-style":"default","ast-global-header-display":"","ast-banner-title-visibility":"","ast-main-header-display":"","ast-hfb-above-header-display":"","ast-hfb-below-header-display":"","ast-hfb-mobile-header-display":"","site-post-title":"disabled","ast-breadcrumbs-content":"","ast-featured-img":"disabled","footer-sml-layout":"","theme-transparent-header-meta":"default","adv-header-id-meta":"","stick-header-meta":"","header-above-stick-meta":"","header-main-stick-meta":"","header-below-stick-meta":"","astra-migrate-meta-layouts":"default","ast-page-background-enabled":"default","ast-page-background-meta":{"desktop":{"background-color":"","background-image":"","background-repeat":"repeat","background-position":"center center","background-size":"auto","background-attachment":"scroll","background-type":"","background-media":"","overlay-type":"","overlay-color":"","overlay-opacity":"","overlay-gradient":""},"tablet":{"background-color":"","background-image":"","background-repeat":"repeat","background-position":"center center","background-size":"auto","background-attachment":"scroll","background-type":"","background-media":"","overlay-type":"","overlay-color":"","overlay-opacity":"","overlay-gradient":""},"mobile":{"background-color":"","background-image":"","background-repeat":"repeat","background-position":"center center","background-size":"auto","background-attachment":"scroll","background-type":"","background-media":"","overlay-type":"","overlay-color":"","overlay-opacity":"","overlay-gradient":""}},"ast-content-background-meta":{"desktop":{"background-color":"var(--ast-global-color-5)","background-image":"","background-repeat":"repeat","background-position":"center center","background-size":"auto","background-attachment":"scroll","background-type":"","background-media":"","overlay-type":"","overlay-color":"","overlay-opacity":"","overlay-gradient":""},"tablet":{"background-color":"var(--ast-global-color-5)","background-image":"","background-repeat":"repeat","background-position":"center center","background-size":"auto","background-attachment":"scroll","background-type":"","background-media":"","overlay-type":"","overlay-color":"","overlay-opacity":"","overlay-gradient":""},"mobile":{"background-color":"var(--ast-global-color-5)","background-image":"","background-repeat":"repeat","background-position":"center center","background-size":"auto","background-attachment":"scroll","background-type":"","background-media":"","overlay-type":"","overlay-color":"","overlay-opacity":"","overlay-gradient":""}},"footnotes":""},"class_list":["post-152","page","type-page","status-publish","hentry"],"aioseo_notices":[],"_links":{"self":[{"href":"https:\/\/creativiaextraescolares.com\/index.php\/wp-json\/wp\/v2\/pages\/152","targetHints":{"allow":["GET"]}}],"collection":[{"href":"https:\/\/creativiaextraescolares.com\/index.php\/wp-json\/wp\/v2\/pages"}],"about":[{"href":"https:\/\/creativiaextraescolares.com\/index.php\/wp-json\/wp\/v2\/types\/page"}],"author":[{"embeddable":true,"href":"https:\/\/creativiaextraescolares.com\/index.php\/wp-json\/wp\/v2\/users\/1"}],"replies":[{"embeddable":true,"href":"https:\/\/creativiaextraescolares.com\/index.php\/wp-json\/wp\/v2\/comments?post=152"}],"version-history":[{"count":77,"href":"https:\/\/creativiaextraescolares.com\/index.php\/wp-json\/wp\/v2\/pages\/152\/revisions"}],"predecessor-version":[{"id":1198,"href":"https:\/\/creativiaextraescolares.com\/index.php\/wp-json\/wp\/v2\/pages\/152\/revisions\/1198"}],"wp:attachment":[{"href":"https:\/\/creativiaextraescolares.com\/index.php\/wp-json\/wp\/v2\/media?parent=152"}],"curies":[{"name":"wp","href":"https:\/\/api.w.org\/{rel}","templated":true}]}}