{"id":468,"date":"2021-05-18T01:55:11","date_gmt":"2021-05-17T23:55:11","guid":{"rendered":"https:\/\/creativiaextraescolares.com\/index.php\/activities\/"},"modified":"2025-05-10T12:21:17","modified_gmt":"2025-05-10T10:21:17","slug":"actividades","status":"publish","type":"page","link":"https:\/\/creativiaextraescolares.com\/index.php\/actividades\/","title":{"rendered":"Actividades"},"content":{"rendered":"\t\t<div data-elementor-type=\"wp-page\" data-elementor-id=\"468\" class=\"elementor elementor-468\">\n\t\t\t\t\t\t<section class=\"elementor-section elementor-top-section elementor-element elementor-element-ee0d693 elementor-section-boxed elementor-section-height-default elementor-section-height-default\" data-id=\"ee0d693\" data-element_type=\"section\" data-settings=\"{&quot;background_background&quot;:&quot;gradient&quot;}\">\n\t\t\t\t\t\t<div class=\"elementor-container elementor-column-gap-no\">\n\t\t\t\t\t<div class=\"elementor-column elementor-col-100 elementor-top-column elementor-element elementor-element-c410692\" data-id=\"c410692\" data-element_type=\"column\">\n\t\t\t<div class=\"elementor-widget-wrap elementor-element-populated\">\n\t\t\t\t\t\t<div class=\"elementor-element elementor-element-193d006 elementor-widget elementor-widget-heading\" data-id=\"193d006\" data-element_type=\"widget\" data-widget_type=\"heading.default\">\n\t\t\t\t<div class=\"elementor-widget-container\">\n\t\t\t\t\t<h1 class=\"elementor-heading-title elementor-size-default\">Actividades<\/h1>\t\t\t\t<\/div>\n\t\t\t\t<\/div>\n\t\t\t\t\t<\/div>\n\t\t<\/div>\n\t\t\t\t\t<\/div>\n\t\t<\/section>\n\t\t\t\t<section class=\"elementor-section elementor-top-section elementor-element elementor-element-21208f9 elementor-section-boxed elementor-section-height-default elementor-section-height-default\" data-id=\"21208f9\" data-element_type=\"section\">\n\t\t\t\t\t\t<div class=\"elementor-container elementor-column-gap-no\">\n\t\t\t\t\t<div class=\"elementor-column elementor-col-100 elementor-top-column elementor-element elementor-element-1b47a90\" data-id=\"1b47a90\" data-element_type=\"column\">\n\t\t\t<div class=\"elementor-widget-wrap elementor-element-populated\">\n\t\t\t\t\t\t<div class=\"elementor-element elementor-element-6c64bd3 elementor-position-left elementor-vertical-align-middle elementor-invisible elementor-widget elementor-widget-image-box\" data-id=\"6c64bd3\" data-element_type=\"widget\" data-settings=\"{&quot;_animation&quot;:&quot;slideInLeft&quot;}\" data-widget_type=\"image-box.default\">\n\t\t\t\t<div class=\"elementor-widget-container\">\n\t\t\t\t\t<div class=\"elementor-image-box-wrapper\"><figure class=\"elementor-image-box-img\"><img fetchpriority=\"high\" decoding=\"async\" width=\"1280\" height=\"853\" src=\"https:\/\/creativiaextraescolares.com\/wp-content\/uploads\/2021\/09\/kids-girl-pencil-1093758.jpg\" class=\"attachment-full size-full wp-image-894\" alt=\"kids, girl, pencil-1093758.jpg\" srcset=\"https:\/\/creativiaextraescolares.com\/wp-content\/uploads\/2021\/09\/kids-girl-pencil-1093758.jpg 1280w, https:\/\/creativiaextraescolares.com\/wp-content\/uploads\/2021\/09\/kids-girl-pencil-1093758-300x200.jpg 300w, https:\/\/creativiaextraescolares.com\/wp-content\/uploads\/2021\/09\/kids-girl-pencil-1093758-1024x682.jpg 1024w, https:\/\/creativiaextraescolares.com\/wp-content\/uploads\/2021\/09\/kids-girl-pencil-1093758-768x512.jpg 768w\" sizes=\"(max-width: 1280px) 100vw, 1280px\" \/><\/figure><div class=\"elementor-image-box-content\"><h3 class=\"elementor-image-box-title\">Educativas y Formativas<\/h3><p class=\"elementor-image-box-description\">Mejorar las competencias educativas o formativas de los\/as participantes, incidiendo en los procesos de integraci\u00f3n social-escolar de los\/as mismos\/as, a trav\u00e9s de actividades l\u00fadico-educativas:\nApoyo Escolar, Animaci\u00f3n a la Lectura, Ingl\u00e9s L\u00fadico, Logopedia, Inform\u00e1tica, Rob\u00f3tica Educativa, Programaci\u00f3n de Videojuegos Educativos...<\/p><\/div><\/div>\t\t\t\t<\/div>\n\t\t\t\t<\/div>\n\t\t\t\t<div class=\"elementor-element elementor-element-c6a028f elementor-widget-divider--view-line elementor-widget elementor-widget-divider\" data-id=\"c6a028f\" data-element_type=\"widget\" data-widget_type=\"divider.default\">\n\t\t\t\t<div class=\"elementor-widget-container\">\n\t\t\t\t\t\t\t<div class=\"elementor-divider\">\n\t\t\t<span class=\"elementor-divider-separator\">\n\t\t\t\t\t\t<\/span>\n\t\t<\/div>\n\t\t\t\t\t\t<\/div>\n\t\t\t\t<\/div>\n\t\t\t\t<div class=\"elementor-element elementor-element-90511eb elementor-position-right elementor-vertical-align-middle elementor-invisible elementor-widget elementor-widget-image-box\" data-id=\"90511eb\" data-element_type=\"widget\" data-settings=\"{&quot;_animation&quot;:&quot;slideInRight&quot;}\" data-widget_type=\"image-box.default\">\n\t\t\t\t<div class=\"elementor-widget-container\">\n\t\t\t\t\t<div class=\"elementor-image-box-wrapper\"><figure class=\"elementor-image-box-img\"><img decoding=\"async\" width=\"1280\" height=\"776\" src=\"https:\/\/creativiaextraescolares.com\/wp-content\/uploads\/2021\/09\/boys-game-ball-2769553.jpg\" class=\"attachment-full size-full wp-image-908\" alt=\"boys, game, ball-2769553.jpg\" srcset=\"https:\/\/creativiaextraescolares.com\/wp-content\/uploads\/2021\/09\/boys-game-ball-2769553.jpg 1280w, https:\/\/creativiaextraescolares.com\/wp-content\/uploads\/2021\/09\/boys-game-ball-2769553-300x182.jpg 300w, https:\/\/creativiaextraescolares.com\/wp-content\/uploads\/2021\/09\/boys-game-ball-2769553-1024x621.jpg 1024w, https:\/\/creativiaextraescolares.com\/wp-content\/uploads\/2021\/09\/boys-game-ball-2769553-768x466.jpg 768w\" sizes=\"(max-width: 1280px) 100vw, 1280px\" \/><\/figure><div class=\"elementor-image-box-content\"><h3 class=\"elementor-image-box-title\">Deportivas<\/h3><p class=\"elementor-image-box-description\">Desarrollar conocimientos y destrezas de diferentes disciplinas deportivas, mejorando la condici\u00f3n f\u00edsica del alumnado, favoreciendo la toma de conciencia de los beneficios f\u00edsicos, mentales y sociales que la pr\u00e1ctica deportiva procura: Patinaje, Hockey, Baloncesto, F\u00fatbol, Predeporte, K\u00e1rate, Judo, Atletismo...<\/p><\/div><\/div>\t\t\t\t<\/div>\n\t\t\t\t<\/div>\n\t\t\t\t<div class=\"elementor-element elementor-element-159649b elementor-widget-divider--view-line elementor-widget elementor-widget-divider\" data-id=\"159649b\" data-element_type=\"widget\" data-widget_type=\"divider.default\">\n\t\t\t\t<div class=\"elementor-widget-container\">\n\t\t\t\t\t\t\t<div class=\"elementor-divider\">\n\t\t\t<span class=\"elementor-divider-separator\">\n\t\t\t\t\t\t<\/span>\n\t\t<\/div>\n\t\t\t\t\t\t<\/div>\n\t\t\t\t<\/div>\n\t\t\t\t\t<\/div>\n\t\t<\/div>\n\t\t\t\t\t<\/div>\n\t\t<\/section>\n\t\t\t\t<section class=\"elementor-section elementor-top-section elementor-element elementor-element-1c60fa2 elementor-section-boxed elementor-section-height-default elementor-section-height-default\" data-id=\"1c60fa2\" data-element_type=\"section\">\n\t\t\t\t\t\t<div class=\"elementor-container elementor-column-gap-default\">\n\t\t\t\t\t<div class=\"elementor-column elementor-col-100 elementor-top-column elementor-element elementor-element-0b2442a\" data-id=\"0b2442a\" data-element_type=\"column\">\n\t\t\t<div class=\"elementor-widget-wrap elementor-element-populated\">\n\t\t\t\t\t\t<div class=\"elementor-element elementor-element-62c7dd2 elementor-position-left elementor-vertical-align-middle elementor-invisible elementor-widget elementor-widget-image-box\" data-id=\"62c7dd2\" data-element_type=\"widget\" data-settings=\"{&quot;_animation&quot;:&quot;slideInLeft&quot;}\" data-widget_type=\"image-box.default\">\n\t\t\t\t<div class=\"elementor-widget-container\">\n\t\t\t\t\t<div class=\"elementor-image-box-wrapper\"><figure class=\"elementor-image-box-img\"><img decoding=\"async\" width=\"960\" height=\"640\" src=\"https:\/\/creativiaextraescolares.com\/wp-content\/uploads\/2021\/09\/crayon.webp\" class=\"attachment-full size-full wp-image-896\" alt=\"\" srcset=\"https:\/\/creativiaextraescolares.com\/wp-content\/uploads\/2021\/09\/crayon.webp 960w, https:\/\/creativiaextraescolares.com\/wp-content\/uploads\/2021\/09\/crayon-300x200.webp 300w, https:\/\/creativiaextraescolares.com\/wp-content\/uploads\/2021\/09\/crayon-768x512.webp 768w\" sizes=\"(max-width: 960px) 100vw, 960px\" \/><\/figure><div class=\"elementor-image-box-content\"><h3 class=\"elementor-image-box-title\">Art\u00edsticas<\/h3><p class=\"elementor-image-box-description\">Estimular el pensamiento imaginativo y creativo, a trav\u00e9s de la realizaci\u00f3n de actividades que supongan nuevas formas de expresi\u00f3n y comunicaci\u00f3n con el entorno, mediante un lenguaje pl\u00e1stico y l\u00fadico: Artesan\u00eda, Dibujo y Pintura, Manualidades y Expresi\u00f3n Pl\u00e1stica, Reciclaje, Cine, Radio, Fotograf\u00eda, Ajedrez,...<\/p><\/div><\/div>\t\t\t\t<\/div>\n\t\t\t\t<\/div>\n\t\t\t\t<div class=\"elementor-element elementor-element-9ae1d10 elementor-widget-divider--view-line elementor-widget elementor-widget-divider\" data-id=\"9ae1d10\" data-element_type=\"widget\" data-widget_type=\"divider.default\">\n\t\t\t\t<div class=\"elementor-widget-container\">\n\t\t\t\t\t\t\t<div class=\"elementor-divider\">\n\t\t\t<span class=\"elementor-divider-separator\">\n\t\t\t\t\t\t<\/span>\n\t\t<\/div>\n\t\t\t\t\t\t<\/div>\n\t\t\t\t<\/div>\n\t\t\t\t\t<\/div>\n\t\t<\/div>\n\t\t\t\t\t<\/div>\n\t\t<\/section>\n\t\t\t\t<section class=\"elementor-section elementor-top-section elementor-element elementor-element-5c32b55 elementor-section-boxed elementor-section-height-default elementor-section-height-default\" data-id=\"5c32b55\" data-element_type=\"section\">\n\t\t\t\t\t\t<div class=\"elementor-container elementor-column-gap-default\">\n\t\t\t\t\t<div class=\"elementor-column elementor-col-100 elementor-top-column elementor-element elementor-element-4016a63\" data-id=\"4016a63\" data-element_type=\"column\">\n\t\t\t<div class=\"elementor-widget-wrap elementor-element-populated\">\n\t\t\t\t\t\t<div class=\"elementor-element elementor-element-1f5e6cf elementor-position-left elementor-vertical-align-middle elementor-invisible elementor-widget elementor-widget-image-box\" data-id=\"1f5e6cf\" data-element_type=\"widget\" data-settings=\"{&quot;_animation&quot;:&quot;slideInRight&quot;}\" data-widget_type=\"image-box.default\">\n\t\t\t\t<div class=\"elementor-widget-container\">\n\t\t\t\t\t<div class=\"elementor-image-box-wrapper\"><figure class=\"elementor-image-box-img\"><img loading=\"lazy\" decoding=\"async\" width=\"857\" height=\"1280\" src=\"https:\/\/creativiaextraescolares.com\/wp-content\/uploads\/2021\/09\/ballet-ballerina-ballet-tutu-2789432.jpg\" class=\"attachment-full size-full wp-image-909\" alt=\"ballet, ballerina, ballet tutu-2789432.jpg\" srcset=\"https:\/\/creativiaextraescolares.com\/wp-content\/uploads\/2021\/09\/ballet-ballerina-ballet-tutu-2789432.jpg 857w, https:\/\/creativiaextraescolares.com\/wp-content\/uploads\/2021\/09\/ballet-ballerina-ballet-tutu-2789432-201x300.jpg 201w, https:\/\/creativiaextraescolares.com\/wp-content\/uploads\/2021\/09\/ballet-ballerina-ballet-tutu-2789432-686x1024.jpg 686w, https:\/\/creativiaextraescolares.com\/wp-content\/uploads\/2021\/09\/ballet-ballerina-ballet-tutu-2789432-768x1147.jpg 768w\" sizes=\"(max-width: 857px) 100vw, 857px\" \/><\/figure><div class=\"elementor-image-box-content\"><h3 class=\"elementor-image-box-title\">Artes Esc\u00e9nicas<\/h3><p class=\"elementor-image-box-description\">Favorecer la adquisici\u00f3n de conocimientos, habilidades y destrezas en la expresi\u00f3n musical y corporal, ofreciendo un amplio entrenamiento que introduzca al alumnado, de forma gradual, en el mundo del teatro, la danza y la m\u00fasica: Gimnasia R\u00edtmica, Guitarra, Expresi\u00f3n Musical, Ballet, Expresi\u00f3n Corporal y Teatro, Yoga, Psicomotricidad...<\/p><\/div><\/div>\t\t\t\t<\/div>\n\t\t\t\t<\/div>\n\t\t\t\t\t<\/div>\n\t\t<\/div>\n\t\t\t\t\t<\/div>\n\t\t<\/section>\n\t\t\t\t<section class=\"elementor-section elementor-top-section elementor-element elementor-element-9c553f5 elementor-section-boxed elementor-section-height-default elementor-section-height-default\" data-id=\"9c553f5\" data-element_type=\"section\">\n\t\t\t\t\t\t<div class=\"elementor-container elementor-column-gap-default\">\n\t\t\t\t\t<div class=\"elementor-column elementor-col-100 elementor-top-column elementor-element elementor-element-a6f9794\" data-id=\"a6f9794\" data-element_type=\"column\">\n\t\t\t<div class=\"elementor-widget-wrap elementor-element-populated\">\n\t\t\t\t\t\t<div class=\"elementor-element elementor-element-89c6556 elementor-widget-divider--view-line elementor-widget elementor-widget-divider\" data-id=\"89c6556\" data-element_type=\"widget\" data-widget_type=\"divider.default\">\n\t\t\t\t<div class=\"elementor-widget-container\">\n\t\t\t\t\t\t\t<div class=\"elementor-divider\">\n\t\t\t<span class=\"elementor-divider-separator\">\n\t\t\t\t\t\t<\/span>\n\t\t<\/div>\n\t\t\t\t\t\t<\/div>\n\t\t\t\t<\/div>\n\t\t\t\t\t<\/div>\n\t\t<\/div>\n\t\t\t\t\t<\/div>\n\t\t<\/section>\n\t\t\t\t<section class=\"elementor-section elementor-top-section elementor-element elementor-element-91a24f7 elementor-section-boxed elementor-section-height-default elementor-section-height-default\" data-id=\"91a24f7\" data-element_type=\"section\">\n\t\t\t\t\t\t<div class=\"elementor-container elementor-column-gap-default\">\n\t\t\t\t\t<div class=\"elementor-column elementor-col-100 elementor-top-column elementor-element elementor-element-75f0f1b\" data-id=\"75f0f1b\" data-element_type=\"column\">\n\t\t\t<div class=\"elementor-widget-wrap elementor-element-populated\">\n\t\t\t\t\t\t<div class=\"elementor-element elementor-element-8ba717b elementor-position-left elementor-vertical-align-middle elementor-invisible elementor-widget elementor-widget-image-box\" data-id=\"8ba717b\" data-element_type=\"widget\" data-settings=\"{&quot;_animation&quot;:&quot;slideInLeft&quot;}\" data-widget_type=\"image-box.default\">\n\t\t\t\t<div class=\"elementor-widget-container\">\n\t\t\t\t\t<div class=\"elementor-image-box-wrapper\"><figure class=\"elementor-image-box-img\"><img loading=\"lazy\" decoding=\"async\" width=\"1029\" height=\"1280\" src=\"https:\/\/creativiaextraescolares.com\/wp-content\/uploads\/2021\/09\/back-to-school-school-schools-5514983.png\" class=\"attachment-full size-full wp-image-901\" alt=\"back to school, school, schools-5514983.jpg\" srcset=\"https:\/\/creativiaextraescolares.com\/wp-content\/uploads\/2021\/09\/back-to-school-school-schools-5514983.png 1029w, https:\/\/creativiaextraescolares.com\/wp-content\/uploads\/2021\/09\/back-to-school-school-schools-5514983-241x300.png 241w, https:\/\/creativiaextraescolares.com\/wp-content\/uploads\/2021\/09\/back-to-school-school-schools-5514983-823x1024.png 823w, https:\/\/creativiaextraescolares.com\/wp-content\/uploads\/2021\/09\/back-to-school-school-schools-5514983-768x955.png 768w\" sizes=\"(max-width: 1029px) 100vw, 1029px\" \/><\/figure><div class=\"elementor-image-box-content\"><h3 class=\"elementor-image-box-title\">Horario Ampliado<\/h3><p class=\"elementor-image-box-description\">Colaborar en la conciliaci\u00f3n de la vida familiar y profesional de las familias, ofreciendo al alumnado actividades enriquecedoras y creativas, en las que adquieran conocimientos y destrezas a trav\u00e9s de actividades l\u00fadico-educativas: Acogida matinal, Tardes de Junio y Septiembre, Escuelas en periodos vacacionales, D\u00edas no lectivos...<\/p><\/div><\/div>\t\t\t\t<\/div>\n\t\t\t\t<\/div>\n\t\t\t\t\t<\/div>\n\t\t<\/div>\n\t\t\t\t\t<\/div>\n\t\t<\/section>\n\t\t\t\t<section class=\"elementor-section elementor-top-section elementor-element elementor-element-655195c elementor-section-boxed elementor-section-height-default elementor-section-height-default\" data-id=\"655195c\" data-element_type=\"section\">\n\t\t\t\t\t\t<div class=\"elementor-container elementor-column-gap-default\">\n\t\t\t\t\t<div class=\"elementor-column elementor-col-100 elementor-top-column elementor-element elementor-element-c6ed150\" data-id=\"c6ed150\" data-element_type=\"column\">\n\t\t\t<div class=\"elementor-widget-wrap elementor-element-populated\">\n\t\t\t\t\t\t<div class=\"elementor-element elementor-element-b893d9d elementor-widget-divider--view-line elementor-widget elementor-widget-divider\" data-id=\"b893d9d\" data-element_type=\"widget\" data-widget_type=\"divider.default\">\n\t\t\t\t<div class=\"elementor-widget-container\">\n\t\t\t\t\t\t\t<div class=\"elementor-divider\">\n\t\t\t<span class=\"elementor-divider-separator\">\n\t\t\t\t\t\t<\/span>\n\t\t<\/div>\n\t\t\t\t\t\t<\/div>\n\t\t\t\t<\/div>\n\t\t\t\t\t<\/div>\n\t\t<\/div>\n\t\t\t\t\t<\/div>\n\t\t<\/section>\n\t\t\t\t<section class=\"elementor-section elementor-top-section elementor-element elementor-element-960f1d6 elementor-section-boxed elementor-section-height-default elementor-section-height-default\" data-id=\"960f1d6\" data-element_type=\"section\">\n\t\t\t\t\t\t<div class=\"elementor-container elementor-column-gap-default\">\n\t\t\t\t\t<div class=\"elementor-column elementor-col-100 elementor-top-column elementor-element elementor-element-c333b8e\" data-id=\"c333b8e\" data-element_type=\"column\">\n\t\t\t<div class=\"elementor-widget-wrap elementor-element-populated\">\n\t\t\t\t\t\t<div class=\"elementor-element elementor-element-d87d9d4 elementor-position-right elementor-vertical-align-middle elementor-invisible elementor-widget elementor-widget-image-box\" data-id=\"d87d9d4\" data-element_type=\"widget\" data-settings=\"{&quot;_animation&quot;:&quot;slideInRight&quot;}\" data-widget_type=\"image-box.default\">\n\t\t\t\t<div class=\"elementor-widget-container\">\n\t\t\t\t\t<div class=\"elementor-image-box-wrapper\"><figure class=\"elementor-image-box-img\"><img loading=\"lazy\" decoding=\"async\" width=\"1280\" height=\"960\" src=\"https:\/\/creativiaextraescolares.com\/wp-content\/uploads\/2021\/09\/family-future-house-960452.jpg\" class=\"attachment-full size-full wp-image-911\" alt=\"family, future, house-960452.jpg\" srcset=\"https:\/\/creativiaextraescolares.com\/wp-content\/uploads\/2021\/09\/family-future-house-960452.jpg 1280w, https:\/\/creativiaextraescolares.com\/wp-content\/uploads\/2021\/09\/family-future-house-960452-300x225.jpg 300w, https:\/\/creativiaextraescolares.com\/wp-content\/uploads\/2021\/09\/family-future-house-960452-1024x768.jpg 1024w, https:\/\/creativiaextraescolares.com\/wp-content\/uploads\/2021\/09\/family-future-house-960452-768x576.jpg 768w\" sizes=\"(max-width: 1280px) 100vw, 1280px\" \/><\/figure><div class=\"elementor-image-box-content\"><h3 class=\"elementor-image-box-title\">Actividades para Madres y Padres<\/h3><p class=\"elementor-image-box-description\">Mejorar las competencias educativas o formativas de los\/as participantes, incidiendo en los procesos de integraci\u00f3n social de los\/as mismos\/as, favoreciendo las relaciones intrafamiliares.<\/p><\/div><\/div>\t\t\t\t<\/div>\n\t\t\t\t<\/div>\n\t\t\t\t\t<\/div>\n\t\t<\/div>\n\t\t\t\t\t<\/div>\n\t\t<\/section>\n\t\t\t\t<\/div>\n\t\t","protected":false},"excerpt":{"rendered":"<p>Actividades Educativas y Formativas Mejorar las competencias educativas o formativas de los\/as participantes, incidiendo en los procesos de integraci\u00f3n social-escolar de los\/as mismos\/as, a trav\u00e9s de actividades l\u00fadico-educativas: Apoyo Escolar, Animaci\u00f3n a la Lectura, Ingl\u00e9s L\u00fadico, Logopedia, Inform\u00e1tica, Rob\u00f3tica Educativa, Programaci\u00f3n de Videojuegos Educativos&#8230; Deportivas Desarrollar conocimientos y destrezas de diferentes disciplinas deportivas, mejorando la [&hellip;]<\/p>\n","protected":false},"author":1,"featured_media":0,"parent":0,"menu_order":0,"comment_status":"closed","ping_status":"closed","template":"","meta":{"_monsterinsights_skip_tracking":false,"_monsterinsights_sitenote_active":false,"_monsterinsights_sitenote_note":"","_monsterinsights_sitenote_category":0,"site-sidebar-layout":"no-sidebar","site-content-layout":"page-builder","ast-site-content-layout":"","site-content-style":"default","site-sidebar-style":"default","ast-global-header-display":"","ast-banner-title-visibility":"","ast-main-header-display":"","ast-hfb-above-header-display":"","ast-hfb-below-header-display":"","ast-hfb-mobile-header-display":"","site-post-title":"disabled","ast-breadcrumbs-content":"disabled","ast-featured-img":"disabled","footer-sml-layout":"","theme-transparent-header-meta":"default","adv-header-id-meta":"","stick-header-meta":"","header-above-stick-meta":"","header-main-stick-meta":"","header-below-stick-meta":"","astra-migrate-meta-layouts":"default","ast-page-background-enabled":"default","ast-page-background-meta":{"desktop":{"background-color":"","background-image":"","background-repeat":"repeat","background-position":"center center","background-size":"auto","background-attachment":"scroll","background-type":"","background-media":"","overlay-type":"","overlay-color":"","overlay-opacity":"","overlay-gradient":""},"tablet":{"background-color":"","background-image":"","background-repeat":"repeat","background-position":"center center","background-size":"auto","background-attachment":"scroll","background-type":"","background-media":"","overlay-type":"","overlay-color":"","overlay-opacity":"","overlay-gradient":""},"mobile":{"background-color":"","background-image":"","background-repeat":"repeat","background-position":"center center","background-size":"auto","background-attachment":"scroll","background-type":"","background-media":"","overlay-type":"","overlay-color":"","overlay-opacity":"","overlay-gradient":""}},"ast-content-background-meta":{"desktop":{"background-color":"var(--ast-global-color-5)","background-image":"","background-repeat":"repeat","background-position":"center center","background-size":"auto","background-attachment":"scroll","background-type":"","background-media":"","overlay-type":"","overlay-color":"","overlay-opacity":"","overlay-gradient":""},"tablet":{"background-color":"var(--ast-global-color-5)","background-image":"","background-repeat":"repeat","background-position":"center center","background-size":"auto","background-attachment":"scroll","background-type":"","background-media":"","overlay-type":"","overlay-color":"","overlay-opacity":"","overlay-gradient":""},"mobile":{"background-color":"var(--ast-global-color-5)","background-image":"","background-repeat":"repeat","background-position":"center center","background-size":"auto","background-attachment":"scroll","background-type":"","background-media":"","overlay-type":"","overlay-color":"","overlay-opacity":"","overlay-gradient":""}},"footnotes":""},"class_list":["post-468","page","type-page","status-publish","hentry"],"aioseo_notices":[],"_links":{"self":[{"href":"https:\/\/creativiaextraescolares.com\/index.php\/wp-json\/wp\/v2\/pages\/468","targetHints":{"allow":["GET"]}}],"collection":[{"href":"https:\/\/creativiaextraescolares.com\/index.php\/wp-json\/wp\/v2\/pages"}],"about":[{"href":"https:\/\/creativiaextraescolares.com\/index.php\/wp-json\/wp\/v2\/types\/page"}],"author":[{"embeddable":true,"href":"https:\/\/creativiaextraescolares.com\/index.php\/wp-json\/wp\/v2\/users\/1"}],"replies":[{"embeddable":true,"href":"https:\/\/creativiaextraescolares.com\/index.php\/wp-json\/wp\/v2\/comments?post=468"}],"version-history":[{"count":44,"href":"https:\/\/creativiaextraescolares.com\/index.php\/wp-json\/wp\/v2\/pages\/468\/revisions"}],"predecessor-version":[{"id":1186,"href":"https:\/\/creativiaextraescolares.com\/index.php\/wp-json\/wp\/v2\/pages\/468\/revisions\/1186"}],"wp:attachment":[{"href":"https:\/\/creativiaextraescolares.com\/index.php\/wp-json\/wp\/v2\/media?parent=468"}],"curies":[{"name":"wp","href":"https:\/\/api.w.org\/{rel}","templated":true}]}}